{"id":47,"date":"2011-03-24T14:32:05","date_gmt":"2011-03-24T13:32:05","guid":{"rendered":"http:\/\/c4pigbr.wordpress.com\/?page_id=47"},"modified":"2025-11-17T11:15:48","modified_gmt":"2025-11-17T10:15:48","slug":"impressum","status":"publish","type":"page","link":"https:\/\/www.c4pi.de\/?page_id=47","title":{"rendered":"Impressum"},"content":{"rendered":"<p><strong>Angaben gem\u00e4\u00df \u00a7 5 TMG:<\/strong><\/p>\n<p><strong>c4pi &#8211; Center for Product-Innovation<\/strong><\/p>\n<p>Diplom-Ingenieur Maschinenbau<br \/>\nHorst Thomas N\u00e4hler<br \/>\nRh\u00f6nmalerring 30<br \/>\nD-36088 H\u00fcnfeld<\/p>\n<p><strong>Postanschrift:<\/strong><br \/>\nRh\u00f6nmalerring 30<br \/>\n36088 H\u00fcnfeld<\/p>\n<p><strong>Kontakt:<\/strong><\/p>\n<p>Telefon: 06652-9928277<br \/>\nTelefax: 06652-9928279<br \/>\nE-Mail: info @ c4pi.de<\/p>\n<p><strong>Umsatzsteuer-Identifikationsnummer<\/strong><\/p>\n<p>DE281172771<\/p>\n<p><strong>Die Berufshaftpflichtversicherung wurde abgeschlossen bei:<\/strong><\/p>\n<p>Generali Versicherungen<br \/>\n81731 M\u00fcnchen<\/p>\n<p><strong>Geltungsbereich des Versicherungsschutzes:<\/strong><\/p>\n<p>Deutschland<\/p>\n<p><em>Das Impressum wurde mit dem\u00a0<\/em><a href=\"https:\/\/www.activemind.de\/datenschutz\/impressums-generator\/\"><em>Impressums-Generator der activeMind AG\u00a0<\/em><\/a><em>erstellt.<\/em><\/p>\n<p><strong>Haftungsausschluss<\/strong><\/p>\n<p>c4pi\u00a0stellt die Inhalte dieser Internetseiten mit gro\u00dfer Sorgfalt zusammen und sorgt f\u00fcr deren regelm\u00e4\u00dfige Aktualisierung. Die Angaben dienen dennoch nur der unverbindlichen allgemeinen Information und ersetzen nicht die eingehende individuelle Beratung.<\/p>\n<p>c4pi \u00fcbernimmt keine Gew\u00e4hr f\u00fcr die Aktualit\u00e4t, Richtigkeit und Vollst\u00e4ndigkeit der Informationen auf diesen Seiten oder den jederzeitigen st\u00f6rungsfreien Zugang. Wenn wir auf Internetseiten Dritter verweisen (Links), \u00fcbernimmt c4pi keine Verantwortung f\u00fcr die Inhalte der verlinkten Seiten. Mit dem Bet\u00e4tigen des Verweises verlassen Sie das Informationsangebot von c4pi. F\u00fcr die Angebote Dritter k\u00f6nnen daher abweichende Regelungen gelten, insbesondere hinsichtlich des Datenschutzes. Weiterhin schlie\u00dft c4pi ihre Haftung bei Serviceleistungen, insbesondere beim Download von durch c4pi zur Verf\u00fcgung gestellten Dateien auf den Internetseiten von c4pi, f\u00fcr leicht fahrl\u00e4ssige Pflichtverletzungen aus, sofern diese keine vertragswesentlichen Pflichten sowie Leben, Gesundheit oder K\u00f6rper betreffen oder Anspr\u00fcche nach dem Produkthaftungsgesetz ber\u00fchrt sind. Gleiches gilt f\u00fcr Pflichtverletzungen unserer Erf\u00fcllungsgehilfen.<\/p>\n","protected":false},"excerpt":{"rendered":"<p>Angaben gem\u00e4\u00df \u00a7 5 TMG: c4pi &#8211; Center for Product-Innovation Diplom-Ingenieur Maschinenbau Horst Thomas N\u00e4hler Rh\u00f6nmalerring 30 D-36088 H\u00fcnfeld Postanschrift: Rh\u00f6nmalerring 30 [&hellip;]<\/p>\n","protected":false},"author":1,"featured_media":0,"parent":0,"menu_order":0,"comment_status":"closed","ping_status":"closed","template":"","meta":{"footnotes":""},"class_list":["post-47","page","type-page","status-publish","hentry"],"_links":{"self":[{"href":"https:\/\/www.c4pi.de\/index.php?rest_route=\/wp\/v2\/pages\/47","targetHints":{"allow":["GET"]}}],"collection":[{"href":"https:\/\/www.c4pi.de\/index.php?rest_route=\/wp\/v2\/pages"}],"about":[{"href":"https:\/\/www.c4pi.de\/index.php?rest_route=\/wp\/v2\/types\/page"}],"author":[{"embeddable":true,"href":"https:\/\/www.c4pi.de\/index.php?rest_route=\/wp\/v2\/users\/1"}],"replies":[{"embeddable":true,"href":"https:\/\/www.c4pi.de\/index.php?rest_route=%2Fwp%2Fv2%2Fcomments&post=47"}],"version-history":[{"count":3,"href":"https:\/\/www.c4pi.de\/index.php?rest_route=\/wp\/v2\/pages\/47\/revisions"}],"predecessor-version":[{"id":1616,"href":"https:\/\/www.c4pi.de\/index.php?rest_route=\/wp\/v2\/pages\/47\/revisions\/1616"}],"wp:attachment":[{"href":"https:\/\/www.c4pi.de\/index.php?rest_route=%2Fwp%2Fv2%2Fmedia&parent=47"}],"curies":[{"name":"wp","href":"https:\/\/api.w.org\/{rel}","templated":true}]}}