{"id":468,"date":"2012-05-21T13:35:54","date_gmt":"2012-05-21T13:35:54","guid":{"rendered":"http:\/\/c4pi.de\/?page_id=468"},"modified":"2012-05-21T13:35:54","modified_gmt":"2012-05-21T13:35:54","slug":"matrix-2003-update-der-triz-widerspruchsmatrix","status":"publish","type":"page","link":"https:\/\/www.c4pi.de\/?page_id=468","title":{"rendered":"Matrix 2003 Update der TRIZ Widerspruchsmatrix"},"content":{"rendered":"<p>Darrell Mann, Simon Dewulf, Boris Zlotin, Alla Zusman<br \/>\nDeutsche \u00dcbersetzung: Horst Th. N\u00e4hler<br \/>\nHrsg.: Horst Th. N\u00e4hler, Carsten Gundlach, c4pi \u2013 Center for Product-Innovation<\/p>\n<p>Die klassische Widerspruchsmatrix, die in den 50ern, 60ern und Anfang der 70er Jahre entwickelt wurde, nimmt einen besonderen Platz in-nerhalb der TRIZ-Methodologie ein. Ihr einfaches und doch elegantes Konzept ist oftmals das erste, was Interessierte f\u00fcr TRIZ begeistert. Die Widerspruchsmatrix ist unbestritten das bekannteste und wohl auch das meistverwendete TRIZ-Werkzeug, da das Denken in Konflikten und Widerspr\u00fcchen den Schl\u00fcssel f\u00fcr eine innovative Probleml\u00f6sung ohne Kompromisse birgt.<\/p>\n<p>Die Autoren Mann, Dewulf, Zlotin und Zusman stellen in Ihrem Buch die Ergebnisse einer umfassenden Patentanalyse von \u00fcber 150.000 Patenten aus den Jahren 1985 bis 2002 vor, die die Widerspruchsmatrix auf den neuesten Stand der Technik bringt und verdeutlicht, inwieweit die Anwendung innovativer L\u00f6sungsprinzipien zur \u00dcberwindung von Widerspr\u00fcchen einen Wandel durchlaufen hat. Die Erkenntnisse aus der aktuellen Patentanalyse f\u00fchrte zu einer Neustrukturierung der klassischen Altshuller-Matrix und bietet damit eine wesentlich h\u00f6here Erfolgswahrscheinlichkeit und einen \u201estate-of-the-art\u201c-L\u00f6sungsplan f\u00fcr die praktische Innovationsarbeit.<\/p>\n","protected":false},"excerpt":{"rendered":"<p>Darrell Mann, Simon Dewulf, Boris Zlotin, Alla Zusman Deutsche \u00dcbersetzung: Horst Th. N\u00e4hler Hrsg.: Horst Th. N\u00e4hler, Carsten Gundlach, c4pi \u2013 Center [&hellip;]<\/p>\n","protected":false},"author":1,"featured_media":0,"parent":0,"menu_order":0,"comment_status":"closed","ping_status":"closed","template":"","meta":{"footnotes":""},"class_list":["post-468","page","type-page","status-publish","hentry"],"_links":{"self":[{"href":"https:\/\/www.c4pi.de\/index.php?rest_route=\/wp\/v2\/pages\/468","targetHints":{"allow":["GET"]}}],"collection":[{"href":"https:\/\/www.c4pi.de\/index.php?rest_route=\/wp\/v2\/pages"}],"about":[{"href":"https:\/\/www.c4pi.de\/index.php?rest_route=\/wp\/v2\/types\/page"}],"author":[{"embeddable":true,"href":"https:\/\/www.c4pi.de\/index.php?rest_route=\/wp\/v2\/users\/1"}],"replies":[{"embeddable":true,"href":"https:\/\/www.c4pi.de\/index.php?rest_route=%2Fwp%2Fv2%2Fcomments&post=468"}],"version-history":[{"count":0,"href":"https:\/\/www.c4pi.de\/index.php?rest_route=\/wp\/v2\/pages\/468\/revisions"}],"wp:attachment":[{"href":"https:\/\/www.c4pi.de\/index.php?rest_route=%2Fwp%2Fv2%2Fmedia&parent=468"}],"curies":[{"name":"wp","href":"https:\/\/api.w.org\/{rel}","templated":true}]}}