{"id":441,"date":"2012-02-02T19:00:51","date_gmt":"2012-02-02T19:00:51","guid":{"rendered":"http:\/\/c4pi.de\/?page_id=441"},"modified":"2012-02-02T19:00:51","modified_gmt":"2012-02-02T19:00:51","slug":"artikel-publikationen","status":"publish","type":"page","link":"https:\/\/www.c4pi.de\/?page_id=441","title":{"rendered":"Artikel &#038; Publikationen"},"content":{"rendered":"<p>Artikel \u201eMit TRIZ den eigenen Vorsprung ausbauen\u201c<br \/>\nBarbara Gronauer, Horst N\u00e4hler<br \/>\nEmailtechnische Mitteillung, 12\/2011<\/p>\n<p>Artikel \u201eStrategische Innovationsplanung mit TRIZ\u201c<br \/>\nDr. Carsten Gundlach, J\u00fcrgen Jantschgi,<br \/>\nHorst Th. N\u00e4hler und Dr. Johannes Fresner<br \/>\nDie fr\u00fche Innovationsphase<br \/>\nHrsg.: Carsten Gundlach, Axel Glanz, Jens Gutsche<br \/>\nISBN 978-3-939707-50-9<br \/>\n1. Auflage 2010<\/p>\n<p>Artikel \u201eK\u00fcnstler und TRIZ?\u201c<br \/>\nBarbara Gronauer, Horst N\u00e4hler<br \/>\nMagazin Kultur Management, Ausgabe 07\/2008<\/p>\n<p>Artikel \u201eTRIZ in der Werbung\u201c<br \/>\nGundlach, Carsten; N\u00e4hler, Horst Th.; Haensgen, Tom<br \/>\nTRIZ &#8211; Anwendung und Weiterentwicklung in nicht-technischen Bereichen<br \/>\nPetra Rietsch (Hrsg.)<br \/>\nFacultas Universit\u00e4tsverlag; Auflage: 1., Aufl. (Oktober 2007)<br \/>\nISBN-10: 3708901479<br \/>\nISBN-13: 978-3708901473<\/p>\n<p>Artikel \u201cTRIZ-Tools zur Analyse der Problemstellung \u2013 Idealit\u00e4t\u201c<br \/>\nHorst N\u00e4hler, Carsten Gundlach<br \/>\nTRIZ-online Magazin Ausgabe 2, 2005<\/p>\n<p>Artikel \u201eL\u00f6sungsans\u00e4tze mit Hilfe physikalischer Effekte\u201c<br \/>\nCarsten Gundlach, Horst N\u00e4hler<br \/>\nTRIZ-online Magazin Ausgabe 4, 2005<\/p>\n<p>Artikel \u201eWie funktioniert TRIZ?\u201c<br \/>\nCarsten Gundlach, Horst N\u00e4hler<br \/>\nTRIZ-online Magazin Ausgabe 2, 2004<\/p>\n<p>Artikel \u201eWerkzeugkiste der Ideen\u201c<br \/>\nCarsten Gundlach, Horst N\u00e4hler<br \/>\nErfindermagazin novum, Ausgabe 305, 2003<\/p>\n<p>Artikel \u201eDie Psychologische Tr\u00e4gheit und ihr Einflu\u00df auf das Probleml\u00f6sungs-Denken\u201c<br \/>\nHorst N\u00e4hler, Carsten Gundlach<br \/>\nTRIZ-online Magazin Ausgabe 2, 2003<\/p>\n<p>Artikel \u201eEntrepreneurs Grow on TRIZ\u201c<br \/>\nCarsten Gundlach, Horst N\u00e4hler<br \/>\nTRIZ-online Magazin Ausgabe 2, 2003<\/p>\n<p>Artikel \u201eWie Unternehmen systematischer Innovationen erreichen\u201c<br \/>\nHorst N\u00e4hler<br \/>\nRegio Report IHK Schwarzwald Baar Heuberg, 2004<br \/>\nArtikel \u201eTRIZ \u2013 Eine Theorie und Methodik des Erfindens und Probleml\u00f6sens\u201c<br \/>\nCarsten Gundlach, Horst N\u00e4hler<br \/>\nPersonalf\u00fchrung Ausgabe 7, 2002<\/p>\n<p>Artikel \u201eTRIZ \u2013 Theorie des erfinderischen Probleml\u00f6sens<br \/>\nDer systematische Weg vom Problem zu einer innovativen L\u00f6sung\u201c<br \/>\nCarsten Gundlach, Horst N\u00e4hler, Sebastian Montua<br \/>\nTRIZ-online Magazin Ausgabe 1, 2002<\/p>\n<p>Artikel \u201eARIZ &#8211; Der Algorithmus des erfinderischen Probleml\u00f6sens\u201c<br \/>\nDipl.-Ing. Horst Th. N\u00e4hler<br \/>\nTRIZ-online Magazin Ausgabe 2, 2002<\/p>\n<p>Artikel \u201eZusammenhang zwischen technischen und physikalischen Widerspr\u00fcchen\u201c<br \/>\nHorst N\u00e4hler<br \/>\nTRIZ-online Magazin Ausgabe 4, 2002<\/p>\n","protected":false},"excerpt":{"rendered":"<p>Artikel \u201eMit TRIZ den eigenen Vorsprung ausbauen\u201c Barbara Gronauer, Horst N\u00e4hler Emailtechnische Mitteillung, 12\/2011 Artikel \u201eStrategische Innovationsplanung mit TRIZ\u201c Dr. Carsten Gundlach, [&hellip;]<\/p>\n","protected":false},"author":1,"featured_media":0,"parent":0,"menu_order":0,"comment_status":"closed","ping_status":"closed","template":"","meta":{"footnotes":""},"class_list":["post-441","page","type-page","status-publish","hentry"],"_links":{"self":[{"href":"https:\/\/www.c4pi.de\/index.php?rest_route=\/wp\/v2\/pages\/441","targetHints":{"allow":["GET"]}}],"collection":[{"href":"https:\/\/www.c4pi.de\/index.php?rest_route=\/wp\/v2\/pages"}],"about":[{"href":"https:\/\/www.c4pi.de\/index.php?rest_route=\/wp\/v2\/types\/page"}],"author":[{"embeddable":true,"href":"https:\/\/www.c4pi.de\/index.php?rest_route=\/wp\/v2\/users\/1"}],"replies":[{"embeddable":true,"href":"https:\/\/www.c4pi.de\/index.php?rest_route=%2Fwp%2Fv2%2Fcomments&post=441"}],"version-history":[{"count":0,"href":"https:\/\/www.c4pi.de\/index.php?rest_route=\/wp\/v2\/pages\/441\/revisions"}],"wp:attachment":[{"href":"https:\/\/www.c4pi.de\/index.php?rest_route=%2Fwp%2Fv2%2Fmedia&parent=441"}],"curies":[{"name":"wp","href":"https:\/\/api.w.org\/{rel}","templated":true}]}}