{"id":42,"date":"2011-03-24T14:26:37","date_gmt":"2011-03-24T13:26:37","guid":{"rendered":"http:\/\/c4pigbr.wordpress.com\/?page_id=42"},"modified":"2015-04-15T14:23:17","modified_gmt":"2015-04-15T14:23:17","slug":"willkommen","status":"publish","type":"page","link":"https:\/\/www.c4pi.de\/","title":{"rendered":"Willkommen"},"content":{"rendered":"<figure id=\"attachment_1496\" aria-describedby=\"caption-attachment-1496\" style=\"width: 167px\" class=\"wp-caption alignright\"><a href=\"http:\/\/wp.c4pi.de\/wp-content\/uploads\/2015\/04\/HTN.jpg\"><img loading=\"lazy\" decoding=\"async\" class=\"wp-image-1496\" title=\"Comp_HTN_bw\" src=\"http:\/\/wp.c4pi.de\/wp-content\/uploads\/2015\/04\/HTN-201x300.jpg\" alt=\"\" width=\"167\" height=\"250\" srcset=\"https:\/\/www.c4pi.de\/wp-content\/uploads\/2015\/04\/HTN-201x300.jpg 201w, https:\/\/www.c4pi.de\/wp-content\/uploads\/2015\/04\/HTN-685x1024.jpg 685w, https:\/\/www.c4pi.de\/wp-content\/uploads\/2015\/04\/HTN-100x149.jpg 100w, https:\/\/www.c4pi.de\/wp-content\/uploads\/2015\/04\/HTN-150x224.jpg 150w, https:\/\/www.c4pi.de\/wp-content\/uploads\/2015\/04\/HTN-200x299.jpg 200w, https:\/\/www.c4pi.de\/wp-content\/uploads\/2015\/04\/HTN-300x448.jpg 300w, https:\/\/www.c4pi.de\/wp-content\/uploads\/2015\/04\/HTN-450x672.jpg 450w, https:\/\/www.c4pi.de\/wp-content\/uploads\/2015\/04\/HTN-600x896.jpg 600w, https:\/\/www.c4pi.de\/wp-content\/uploads\/2015\/04\/HTN-900x1345.jpg 900w, https:\/\/www.c4pi.de\/wp-content\/uploads\/2015\/04\/HTN.jpg 1071w\" sizes=\"auto, (max-width: 167px) 100vw, 167px\" \/><\/a><figcaption id=\"caption-attachment-1496\" class=\"wp-caption-text\">Dipl.-Ing. Horst Th. N\u00e4hler<\/figcaption><\/figure>\n<p>&nbsp;<\/p>\n<p>c4pi &#8211; das Center for Product-Innovation &#8211; wurde im Januar 2002 von Dipl.-Ing. Horst N\u00e4hler, Dr. Carsten Gundlach\u00a0\u00a0und Dipl.-Ing. Sebastian Montua gegr\u00fcndet, um Unternehmen Know-How und Kapazit\u00e4t f\u00fcr die Entwicklung, Verbesserung und Optimierung von Produkten und Prozessen zur Verf\u00fcgung zu stellen.<\/p>\n<p>Durch langj\u00e4hrige Erfahrung in der virtuellen Produktentwicklung sowie mit numerischen Berechnungsverfahren der CAE\/FEM ist c4pi in der Lage, kompetente Ingenieur-Dienstleistungen von der Ideenfindung \u00fcber innovative Probleml\u00f6sung bis zur Konzeption, \u00dcberpr\u00fcfung und Optimierung von Produkten zu liefern.<\/p>\n<p>Dar\u00fcber hinaus f\u00fchrt c4pi Projekte, Trainings und Workshops zur systematischen Innovation nach der <a title=\"TRIZ-online\" href=\"http:\/\/www.triz-online.de\" target=\"_blank\">TRIZ-Methodologie<\/a> durch. c4pi zeichnet sich durch zielgerichtete, kosteng\u00fcnstige und zuverl\u00e4ssige Arbeitsweise aus. Das Team von c4pi reagiert schnell und flexibel auf die Anforderungen der Kunden, um gemeinsam mit ihnen optimale Konzepte und L\u00f6sungen zu erarbeiten.<\/p>\n","protected":false},"excerpt":{"rendered":"<p>&nbsp; c4pi &#8211; das Center for Product-Innovation &#8211; wurde im Januar 2002 von Dipl.-Ing. Horst N\u00e4hler, Dr. Carsten Gundlach\u00a0\u00a0und Dipl.-Ing. Sebastian Montua [&hellip;]<\/p>\n","protected":false},"author":1,"featured_media":0,"parent":0,"menu_order":0,"comment_status":"closed","ping_status":"closed","template":"","meta":{"footnotes":""},"class_list":["post-42","page","type-page","status-publish","hentry"],"_links":{"self":[{"href":"https:\/\/www.c4pi.de\/index.php?rest_route=\/wp\/v2\/pages\/42","targetHints":{"allow":["GET"]}}],"collection":[{"href":"https:\/\/www.c4pi.de\/index.php?rest_route=\/wp\/v2\/pages"}],"about":[{"href":"https:\/\/www.c4pi.de\/index.php?rest_route=\/wp\/v2\/types\/page"}],"author":[{"embeddable":true,"href":"https:\/\/www.c4pi.de\/index.php?rest_route=\/wp\/v2\/users\/1"}],"replies":[{"embeddable":true,"href":"https:\/\/www.c4pi.de\/index.php?rest_route=%2Fwp%2Fv2%2Fcomments&post=42"}],"version-history":[{"count":1,"href":"https:\/\/www.c4pi.de\/index.php?rest_route=\/wp\/v2\/pages\/42\/revisions"}],"predecessor-version":[{"id":1498,"href":"https:\/\/www.c4pi.de\/index.php?rest_route=\/wp\/v2\/pages\/42\/revisions\/1498"}],"wp:attachment":[{"href":"https:\/\/www.c4pi.de\/index.php?rest_route=%2Fwp%2Fv2%2Fmedia&parent=42"}],"curies":[{"name":"wp","href":"https:\/\/api.w.org\/{rel}","templated":true}]}}