{"id":18,"date":"2011-03-24T12:33:35","date_gmt":"2011-03-24T11:33:35","guid":{"rendered":"http:\/\/c4pigbr.wordpress.com\/?page_id=18"},"modified":"2011-03-24T12:33:35","modified_gmt":"2011-03-24T11:33:35","slug":"cae-fem","status":"publish","type":"page","link":"https:\/\/www.c4pi.de\/?page_id=18","title":{"rendered":"CAE \/ FEM"},"content":{"rendered":"<p><strong>Produktentwicklung \u2013 Mit Sicherheit!<\/strong><\/p>\n<p>c4pi  bietet Ihnen CAE-Werkzeuge wie FEM-Berechnungen und MKS-Simulationen zur  Unterst\u00fctzung Ihres Produktentwicklungs- und Verbesserungs-Prozesses.  Wenn auch Sie wissen wollen, was passiert, bevor etwas passiert,  sprechen Sie uns an: \u00dcberpr\u00fcfen und optimieren Sie Ihre Produkte  kosteng\u00fcnstig zusammen mit dem c4pi-Team!<\/p>\n<p>Die  Finite Elemente Methode, oder kurz FEM, ist als Auslegungs- und  Optimierungswerkzeug aus dem heutigen Entwicklungs- und  Konstruktionsproze\u00df nicht mehr wegzudenken. Die Anwendungsbereiche der  FEM erstrecken sich neben der Durchf\u00fchrung von Festigkeitsberechnungen  und Strukturoptimierungen bez\u00fcglich Steifigkeit und Gewicht ebenfalls  auf die Berechnung von Crash-Vorg\u00e4ngen, Temperaturfeldproblemen,  Str\u00f6mungsanalysen sowie Spritzgu\u00df- und Umformsimulationen.<\/p>\n<p>Das Center  for Product-Innovation c4pi blickt auf einen langj\u00e4hrigen  Erfahrungsschatz in der Anwendung der Finite Elemente Methode bei  Industrieprojekten zur\u00fcck. c4pi analysiert und optimiert Ihre Produkte  und unterst\u00fctzt Sie bei Neuentwicklungen durch den Einsatz modernster  CAE-Software und Simulationswerkzeuge.<\/p>\n","protected":false},"excerpt":{"rendered":"<p>Produktentwicklung \u2013 Mit Sicherheit! c4pi bietet Ihnen CAE-Werkzeuge wie FEM-Berechnungen und MKS-Simulationen zur Unterst\u00fctzung Ihres Produktentwicklungs- und Verbesserungs-Prozesses. Wenn auch Sie wissen [&hellip;]<\/p>\n","protected":false},"author":1,"featured_media":0,"parent":0,"menu_order":0,"comment_status":"closed","ping_status":"closed","template":"","meta":{"footnotes":""},"class_list":["post-18","page","type-page","status-publish","hentry"],"_links":{"self":[{"href":"https:\/\/www.c4pi.de\/index.php?rest_route=\/wp\/v2\/pages\/18","targetHints":{"allow":["GET"]}}],"collection":[{"href":"https:\/\/www.c4pi.de\/index.php?rest_route=\/wp\/v2\/pages"}],"about":[{"href":"https:\/\/www.c4pi.de\/index.php?rest_route=\/wp\/v2\/types\/page"}],"author":[{"embeddable":true,"href":"https:\/\/www.c4pi.de\/index.php?rest_route=\/wp\/v2\/users\/1"}],"replies":[{"embeddable":true,"href":"https:\/\/www.c4pi.de\/index.php?rest_route=%2Fwp%2Fv2%2Fcomments&post=18"}],"version-history":[{"count":0,"href":"https:\/\/www.c4pi.de\/index.php?rest_route=\/wp\/v2\/pages\/18\/revisions"}],"wp:attachment":[{"href":"https:\/\/www.c4pi.de\/index.php?rest_route=%2Fwp%2Fv2%2Fmedia&parent=18"}],"curies":[{"name":"wp","href":"https:\/\/api.w.org\/{rel}","templated":true}]}}