{"id":125,"date":"2011-03-24T19:20:53","date_gmt":"2011-03-24T18:20:53","guid":{"rendered":"http:\/\/c4pigbr.wordpress.com\/?page_id=125"},"modified":"2024-06-11T12:29:19","modified_gmt":"2024-06-11T10:29:19","slug":"kontakt","status":"publish","type":"page","link":"https:\/\/www.c4pi.de\/?page_id=125","title":{"rendered":"Kontaktinfos"},"content":{"rendered":"<p><strong>c4pi &#8211; Center for Product-Innovation<br \/>\nDipl.-Ing. Horst Th. N\u00e4hler\u00a0<\/strong><\/p>\n<p>Rh\u00f6nmalerring 30<br \/>\nD-36088 H\u00fcnfeld<br \/>\nfon +49-(0)6652-99.28.277<br \/>\nfax +49-(0)6652-99.28.279<br \/>\nmail <a href=\"mailto:info@c4pi.de\">info(at)c4pi.de<\/a><\/p>\n<p><strong>B\u00fcro Kassel:<\/strong><\/p>\n<p>Weller\u00f6der Str. 51<br \/>\nD-34253 Lohfelden \/ Kassel<br \/>\nfon +49-(0)5608-95.86.80<br \/>\nfax +49-(0)5608-95.92.25<\/p>\n","protected":false},"excerpt":{"rendered":"<p>c4pi &#8211; Center for Product-Innovation Dipl.-Ing. Horst Th. N\u00e4hler\u00a0 Rh\u00f6nmalerring 30 D-36088 H\u00fcnfeld fon +49-(0)6652-99.28.277 fax +49-(0)6652-99.28.279 mail info(at)c4pi.de B\u00fcro Kassel: Weller\u00f6der [&hellip;]<\/p>\n","protected":false},"author":1,"featured_media":0,"parent":0,"menu_order":0,"comment_status":"closed","ping_status":"closed","template":"","meta":{"footnotes":""},"class_list":["post-125","page","type-page","status-publish","hentry"],"_links":{"self":[{"href":"https:\/\/www.c4pi.de\/index.php?rest_route=\/wp\/v2\/pages\/125","targetHints":{"allow":["GET"]}}],"collection":[{"href":"https:\/\/www.c4pi.de\/index.php?rest_route=\/wp\/v2\/pages"}],"about":[{"href":"https:\/\/www.c4pi.de\/index.php?rest_route=\/wp\/v2\/types\/page"}],"author":[{"embeddable":true,"href":"https:\/\/www.c4pi.de\/index.php?rest_route=\/wp\/v2\/users\/1"}],"replies":[{"embeddable":true,"href":"https:\/\/www.c4pi.de\/index.php?rest_route=%2Fwp%2Fv2%2Fcomments&post=125"}],"version-history":[{"count":1,"href":"https:\/\/www.c4pi.de\/index.php?rest_route=\/wp\/v2\/pages\/125\/revisions"}],"predecessor-version":[{"id":1610,"href":"https:\/\/www.c4pi.de\/index.php?rest_route=\/wp\/v2\/pages\/125\/revisions\/1610"}],"wp:attachment":[{"href":"https:\/\/www.c4pi.de\/index.php?rest_route=%2Fwp%2Fv2%2Fmedia&parent=125"}],"curies":[{"name":"wp","href":"https:\/\/api.w.org\/{rel}","templated":true}]}}